{"id":157,"date":"2026-02-17T18:47:10","date_gmt":"2026-02-17T18:47:10","guid":{"rendered":"https:\/\/laundrymaxcorp.com\/?page_id=157"},"modified":"2026-02-19T16:24:45","modified_gmt":"2026-02-19T16:24:45","slug":"self-service-laundry","status":"publish","type":"page","link":"https:\/\/laundrymaxcorp.com\/es\/self-service-laundry\/","title":{"rendered":"Lavander\u00eda"},"content":{"rendered":"<div data-elementor-type=\"wp-page\" data-elementor-id=\"157\" class=\"elementor elementor-157\" data-elementor-post-type=\"page\">\n\t\t\t\t<div class=\"elementor-element elementor-element-4dd1aea4 e-flex e-con-boxed e-con e-parent\" data-id=\"4dd1aea4\" data-element_type=\"container\" data-e-type=\"container\" data-settings=\"{&quot;background_background&quot;:&quot;classic&quot;}\">\n\t\t\t\t\t<div class=\"e-con-inner\">\n\t\t<div class=\"elementor-element elementor-element-5c662fda e-con-full e-flex e-con e-child\" data-id=\"5c662fda\" data-element_type=\"container\" data-e-type=\"container\">\n\t\t\t\t<div class=\"elementor-element elementor-element-11c55956 elementor-invisible elementor-widget elementor-widget-heading\" data-id=\"11c55956\" data-element_type=\"widget\" data-e-type=\"widget\" data-settings=\"{&quot;_animation&quot;:&quot;fadeInUp&quot;}\" data-widget_type=\"heading.default\">\n\t\t\t\t\t<h1 class=\"elementor-heading-title elementor-size-default\">Lavander\u00eda<\/h1>\t\t\t\t<\/div>\n\t\t\t\t<div class=\"elementor-element elementor-element-1f9e575c elementor-invisible elementor-widget elementor-widget-heading\" data-id=\"1f9e575c\" data-element_type=\"widget\" data-e-type=\"widget\" data-settings=\"{&quot;_animation&quot;:&quot;fadeIn&quot;,&quot;_animation_delay&quot;:360}\" data-widget_type=\"heading.default\">\n\t\t\t\t\t<p class=\"elementor-heading-title elementor-size-default\">En Laundry Max, puede traer su ropa y utilizar nuestras lavadoras y secadoras industriales de gran capacidad para disfrutar de una experiencia de lavado r\u00e1pida y eficaz.<\/p>\t\t\t\t<\/div>\n\t\t\t\t<div class=\"elementor-element elementor-element-5134dea3 elementor-align-center elementor-invisible elementor-widget elementor-widget-button\" data-id=\"5134dea3\" data-element_type=\"widget\" data-e-type=\"widget\" data-settings=\"{&quot;_animation&quot;:&quot;fadeIn&quot;,&quot;_animation_delay&quot;:480}\" data-widget_type=\"button.default\">\n\t\t\t\t\t\t\t\t\t\t<a class=\"elementor-button elementor-button-link elementor-size-sm\" href=\"tel:3522772526\">\n\t\t\t\t\t\t<span class=\"elementor-button-content-wrapper\">\n\t\t\t\t\t\t\t\t\t<span class=\"elementor-button-text\">Contact<\/span>\n\t\t\t\t\t<\/span>\n\t\t\t\t\t<\/a>\n\t\t\t\t\t\t\t\t<\/div>\n\t\t\t\t<\/div>\n\t\t\t\t\t<\/div>\n\t\t\t\t<\/div>\n\t\t<div class=\"elementor-element elementor-element-3181c837 e-flex e-con-boxed e-con e-parent\" data-id=\"3181c837\" data-element_type=\"container\" data-e-type=\"container\">\n\t\t\t\t\t<div class=\"e-con-inner\">\n\t\t<div class=\"elementor-element elementor-element-b277055 e-con-full e-flex e-con e-child\" data-id=\"b277055\" data-element_type=\"container\" data-e-type=\"container\">\n\t\t\t\t<div class=\"elementor-element elementor-element-27c0b7b2 elementor-invisible elementor-widget elementor-widget-heading\" data-id=\"27c0b7b2\" data-element_type=\"widget\" data-e-type=\"widget\" data-settings=\"{&quot;_animation&quot;:&quot;fadeInRight&quot;}\" data-widget_type=\"heading.default\">\n\t\t\t\t\t<h2 class=\"elementor-heading-title elementor-size-default\">Lavander\u00eda<\/h2>\t\t\t\t<\/div>\n\t\t\t\t<div class=\"elementor-element elementor-element-57f2c2ae elementor-widget elementor-widget-text-editor\" data-id=\"57f2c2ae\" data-element_type=\"widget\" data-e-type=\"widget\" data-widget_type=\"text-editor.default\">\n\t\t\t\t\t\t\t\t\t<p data-start=\"278\" data-end=\"573\">En <strong data-start=\"281\" data-end=\"296\">Lavander\u00eda Max<\/strong>, Puedes traer tu ropa y usar nuestro <strong data-start=\"337\" data-end=\"384\">lavadoras y secadoras industriales de alta capacidad<\/strong> para una experiencia de lavado r\u00e1pida, sencilla y eficiente.<br data-start=\"438\" data-end=\"441\" \/>Nuestras m\u00e1quinas est\u00e1n dise\u00f1adas para manejar <strong data-start=\"477\" data-end=\"511\">cargas peque\u00f1as, medianas y grandes<\/strong>, ayud\u00e1ndole a ahorrar tiempo y obtener resultados perfectamente limpios.<\/p><p data-start=\"575\" data-end=\"602\"><strong data-start=\"575\" data-end=\"600\">Capacidades disponibles:<\/strong><\/p><ul data-start=\"603\" data-end=\"697\"><li data-start=\"603\" data-end=\"667\"><p data-start=\"605\" data-end=\"667\">Arandelas en <strong data-start=\"614\" data-end=\"665\">20 lb, 30 lb, 40 lb, 60 lb, and 80 lb (Plus 80)<\/strong><\/p><\/li><li data-start=\"668\" data-end=\"697\"><p data-start=\"670\" data-end=\"697\">Secadoras en <strong data-start=\"678\" data-end=\"697\">40 lb and 60 lb<\/strong><\/p><\/li><\/ul><p data-start=\"699\" data-end=\"795\">Disfruta de un ambiente limpio y climatizado mientras cuidas tu ropa a tu ritmo.<\/p>\t\t\t\t\t\t\t\t<\/div>\n\t\t<div class=\"elementor-element elementor-element-55e4339 e-grid e-con-boxed e-con e-child\" data-id=\"55e4339\" data-element_type=\"container\" data-e-type=\"container\">\n\t\t\t\t\t<div class=\"e-con-inner\">\n\t\t\t\t<div class=\"elementor-element elementor-element-39f2ee7 elementor-widget elementor-widget-image\" data-id=\"39f2ee7\" data-element_type=\"widget\" data-e-type=\"widget\" data-widget_type=\"image.default\">\n\t\t\t\t\t\t\t\t\t\t\t\t\t\t\t<img fetchpriority=\"high\" decoding=\"async\" width=\"1200\" height=\"1600\" src=\"https:\/\/laundrymaxcorp.com\/wp-content\/uploads\/2026\/02\/WhatsApp-Image-2026-02-19-at-8.49.22-AM-6.jpeg\" class=\"attachment-full size-full wp-image-274\" alt=\"\" srcset=\"https:\/\/laundrymaxcorp.com\/wp-content\/uploads\/2026\/02\/WhatsApp-Image-2026-02-19-at-8.49.22-AM-6.jpeg 1200w, https:\/\/laundrymaxcorp.com\/wp-content\/uploads\/2026\/02\/WhatsApp-Image-2026-02-19-at-8.49.22-AM-6-225x300.jpeg 225w, https:\/\/laundrymaxcorp.com\/wp-content\/uploads\/2026\/02\/WhatsApp-Image-2026-02-19-at-8.49.22-AM-6-768x1024.jpeg 768w, https:\/\/laundrymaxcorp.com\/wp-content\/uploads\/2026\/02\/WhatsApp-Image-2026-02-19-at-8.49.22-AM-6-1152x1536.jpeg 1152w, https:\/\/laundrymaxcorp.com\/wp-content\/uploads\/2026\/02\/WhatsApp-Image-2026-02-19-at-8.49.22-AM-6-9x12.jpeg 9w\" sizes=\"(max-width: 1200px) 100vw, 1200px\" \/>\t\t\t\t\t\t\t\t\t\t\t\t\t\t\t<\/div>\n\t\t\t\t<div class=\"elementor-element elementor-element-5ff0cf48 elementor-widget elementor-widget-image\" data-id=\"5ff0cf48\" data-element_type=\"widget\" data-e-type=\"widget\" data-widget_type=\"image.default\">\n\t\t\t\t\t\t\t\t\t\t\t\t\t\t\t<img decoding=\"async\" width=\"1600\" height=\"1200\" src=\"https:\/\/laundrymaxcorp.com\/wp-content\/uploads\/2026\/02\/WhatsApp-Image-2026-02-19-at-8.49.22-AM-4.jpeg\" class=\"attachment-full size-full wp-image-272\" alt=\"\" srcset=\"https:\/\/laundrymaxcorp.com\/wp-content\/uploads\/2026\/02\/WhatsApp-Image-2026-02-19-at-8.49.22-AM-4.jpeg 1600w, https:\/\/laundrymaxcorp.com\/wp-content\/uploads\/2026\/02\/WhatsApp-Image-2026-02-19-at-8.49.22-AM-4-300x225.jpeg 300w, https:\/\/laundrymaxcorp.com\/wp-content\/uploads\/2026\/02\/WhatsApp-Image-2026-02-19-at-8.49.22-AM-4-1024x768.jpeg 1024w, https:\/\/laundrymaxcorp.com\/wp-content\/uploads\/2026\/02\/WhatsApp-Image-2026-02-19-at-8.49.22-AM-4-768x576.jpeg 768w, https:\/\/laundrymaxcorp.com\/wp-content\/uploads\/2026\/02\/WhatsApp-Image-2026-02-19-at-8.49.22-AM-4-1536x1152.jpeg 1536w, https:\/\/laundrymaxcorp.com\/wp-content\/uploads\/2026\/02\/WhatsApp-Image-2026-02-19-at-8.49.22-AM-4-16x12.jpeg 16w\" sizes=\"(max-width: 1600px) 100vw, 1600px\" \/>\t\t\t\t\t\t\t\t\t\t\t\t\t\t\t<\/div>\n\t\t\t\t\t<\/div>\n\t\t\t\t<\/div>\n\t\t\t\t<div class=\"elementor-element elementor-element-667cdcdb elementor-widget elementor-widget-heading\" data-id=\"667cdcdb\" data-element_type=\"widget\" data-e-type=\"widget\" data-widget_type=\"heading.default\">\n\t\t\t\t\t<h4 class=\"elementor-heading-title elementor-size-default\">Lavar, secar y doblar por libras<\/h4>\t\t\t\t<\/div>\n\t\t\t\t<div class=\"elementor-element elementor-element-13180816 elementor-widget elementor-widget-text-editor\" data-id=\"13180816\" data-element_type=\"widget\" data-e-type=\"widget\" data-widget_type=\"text-editor.default\">\n\t\t\t\t\t\t\t\t\t<p data-start=\"868\" data-end=\"1042\">Ahorre tiempo y deje que nuestro equipo profesional se encargue de todo por usted.<br data-start=\"934\" data-end=\"937\" \/>Nosotros cuidadosamente <strong data-start=\"950\" data-end=\"993\">Lave, seque y doble cuidadosamente su ropa.<\/strong>, por lo que est\u00e1n listos para ser recogidos y utilizados de inmediato.<\/p><p data-start=\"1044\" data-end=\"1085\">Este c\u00f3modo servicio es perfecto para:<\/p><ul data-start=\"1086\" data-end=\"1175\"><li data-start=\"1086\" data-end=\"1106\"><p data-start=\"1088\" data-end=\"1106\">Personas ocupadas<\/p><\/li><li data-start=\"1107\" data-end=\"1137\"><p data-start=\"1109\" data-end=\"1137\">Familias con tiempo limitado<\/p><\/li><li data-start=\"1138\" data-end=\"1175\"><p data-start=\"1140\" data-end=\"1175\">Grandes cantidades de ropa para uso diario<\/p><\/li><\/ul>\t\t\t\t\t\t\t\t<\/div>\n\t\t\t\t<\/div>\n\t\t\t\t\t<\/div>\n\t\t\t\t<\/div>\n\t\t<div class=\"elementor-element elementor-element-a09ae64 e-flex e-con-boxed e-con e-parent\" data-id=\"a09ae64\" data-element_type=\"container\" data-e-type=\"container\" data-settings=\"{&quot;background_background&quot;:&quot;classic&quot;}\">\n\t\t\t\t\t<div class=\"e-con-inner\">\n\t\t<div class=\"elementor-element elementor-element-4fc2bb6 e-con-full e-flex e-con e-child\" data-id=\"4fc2bb6\" data-element_type=\"container\" data-e-type=\"container\">\n\t\t\t\t<div class=\"elementor-element elementor-element-dc9fec6 elementor-invisible elementor-widget elementor-widget-heading\" data-id=\"dc9fec6\" data-element_type=\"widget\" data-e-type=\"widget\" data-settings=\"{&quot;_animation&quot;:&quot;fadeInUp&quot;}\" data-widget_type=\"heading.default\">\n\t\t\t\t\t<h2 class=\"elementor-heading-title elementor-size-default\">\u00bfListo para una colada limpia y fresca?<\/h2>\t\t\t\t<\/div>\n\t\t\t\t<div class=\"elementor-element elementor-element-d408b36 elementor-invisible elementor-widget elementor-widget-text-editor\" data-id=\"d408b36\" data-element_type=\"widget\" data-e-type=\"widget\" data-settings=\"{&quot;_animation&quot;:&quot;fadeInUp&quot;}\" data-widget_type=\"text-editor.default\">\n\t\t\t\t\t\t\t\t\t<p>P\u00f3ngase en contacto con <strong data-start=\"232\" data-end=\"247\">Lavander\u00eda Max<\/strong> y disfrute de un servicio de lavander\u00eda r\u00e1pido, fiable y profesional en un entorno limpio y confortable.<br data-start=\"346\" data-end=\"349\" \/>Nuestro equipo est\u00e1 a su disposici\u00f3n para ayudarle con m\u00e1quinas de autoservicio o c\u00f3modas <strong data-start=\"419\" data-end=\"455\">lavar, secar y doblar por libras<\/strong>.<\/p>\t\t\t\t\t\t\t\t<\/div>\n\t\t\t\t<div class=\"elementor-element elementor-element-e6c4f1a elementor-invisible elementor-widget elementor-widget-button\" data-id=\"e6c4f1a\" data-element_type=\"widget\" data-e-type=\"widget\" data-settings=\"{&quot;_animation&quot;:&quot;fadeIn&quot;,&quot;_animation_delay&quot;:480}\" data-widget_type=\"button.default\">\n\t\t\t\t\t\t\t\t\t\t<a class=\"elementor-button elementor-button-link elementor-size-sm\" href=\"tel:352-277-2526\">\n\t\t\t\t\t\t<span class=\"elementor-button-content-wrapper\">\n\t\t\t\t\t\t\t\t\t<span class=\"elementor-button-text\">Contacte con nosotros<\/span>\n\t\t\t\t\t<\/span>\n\t\t\t\t\t<\/a>\n\t\t\t\t\t\t\t\t<\/div>\n\t\t\t\t<\/div>\n\t\t\t\t\t<\/div>\n\t\t\t\t<\/div>\n\t\t\t\t<\/div>","protected":false},"excerpt":{"rendered":"<p>Self-Service Laundry At Laundry Max, you can bring your clothes and use our high-capacity industrial washers and dryers for a fast, simple, and efficient washing experience. Contact Self-Service Laundry At Laundry Max, you can bring your clothes and use our high-capacity industrial washers and dryers for a fast, simple, and efficient washing experience.Our machines are [&hellip;]<\/p>\n","protected":false},"author":2,"featured_media":0,"parent":0,"menu_order":0,"comment_status":"closed","ping_status":"closed","template":"","meta":{"footnotes":""},"class_list":["post-157","page","type-page","status-publish","hentry"],"aioseo_notices":[],"_links":{"self":[{"href":"https:\/\/laundrymaxcorp.com\/es\/wp-json\/wp\/v2\/pages\/157","targetHints":{"allow":["GET"]}}],"collection":[{"href":"https:\/\/laundrymaxcorp.com\/es\/wp-json\/wp\/v2\/pages"}],"about":[{"href":"https:\/\/laundrymaxcorp.com\/es\/wp-json\/wp\/v2\/types\/page"}],"author":[{"embeddable":true,"href":"https:\/\/laundrymaxcorp.com\/es\/wp-json\/wp\/v2\/users\/2"}],"replies":[{"embeddable":true,"href":"https:\/\/laundrymaxcorp.com\/es\/wp-json\/wp\/v2\/comments?post=157"}],"version-history":[{"count":13,"href":"https:\/\/laundrymaxcorp.com\/es\/wp-json\/wp\/v2\/pages\/157\/revisions"}],"predecessor-version":[{"id":294,"href":"https:\/\/laundrymaxcorp.com\/es\/wp-json\/wp\/v2\/pages\/157\/revisions\/294"}],"wp:attachment":[{"href":"https:\/\/laundrymaxcorp.com\/es\/wp-json\/wp\/v2\/media?parent=157"}],"curies":[{"name":"wp","href":"https:\/\/api.w.org\/{rel}","templated":true}]}}