{"id":175,"date":"2026-02-17T20:16:44","date_gmt":"2026-02-17T20:16:44","guid":{"rendered":"https:\/\/laundrymaxcorp.com\/?page_id=175"},"modified":"2026-02-19T16:25:48","modified_gmt":"2026-02-19T16:25:48","slug":"wash-dry-and-fold-service","status":"publish","type":"page","link":"https:\/\/laundrymaxcorp.com\/es\/wash-dry-and-fold-service\/","title":{"rendered":"Wash and fold service"},"content":{"rendered":"<div data-elementor-type=\"wp-page\" data-elementor-id=\"175\" class=\"elementor elementor-175\" data-elementor-post-type=\"page\">\n\t\t\t\t<div class=\"elementor-element elementor-element-2b68dea5 e-flex e-con-boxed e-con e-parent\" data-id=\"2b68dea5\" data-element_type=\"container\" data-e-type=\"container\" data-settings=\"{&quot;background_background&quot;:&quot;classic&quot;}\">\n\t\t\t\t\t<div class=\"e-con-inner\">\n\t\t<div class=\"elementor-element elementor-element-25cd8cdd e-con-full e-flex e-con e-child\" data-id=\"25cd8cdd\" data-element_type=\"container\" data-e-type=\"container\">\n\t\t\t\t<div class=\"elementor-element elementor-element-3dbaddd5 elementor-invisible elementor-widget elementor-widget-heading\" data-id=\"3dbaddd5\" data-element_type=\"widget\" data-e-type=\"widget\" data-settings=\"{&quot;_animation&quot;:&quot;fadeInUp&quot;}\" data-widget_type=\"heading.default\">\n\t\t\t\t\t<h1 class=\"elementor-heading-title elementor-size-default\">Wash and fold service<\/h1>\t\t\t\t<\/div>\n\t\t\t\t<div class=\"elementor-element elementor-element-734b280f elementor-invisible elementor-widget elementor-widget-heading\" data-id=\"734b280f\" data-element_type=\"widget\" data-e-type=\"widget\" data-settings=\"{&quot;_animation&quot;:&quot;fadeIn&quot;,&quot;_animation_delay&quot;:360}\" data-widget_type=\"heading.default\">\n\t\t\t\t\t<p class=\"elementor-heading-title elementor-size-default\">Save time and enjoy total convenience by letting our professional team handle your laundry from beginning to end.<\/p>\t\t\t\t<\/div>\n\t\t\t\t<div class=\"elementor-element elementor-element-38c7792e elementor-align-center elementor-invisible elementor-widget elementor-widget-button\" data-id=\"38c7792e\" data-element_type=\"widget\" data-e-type=\"widget\" data-settings=\"{&quot;_animation&quot;:&quot;fadeIn&quot;,&quot;_animation_delay&quot;:480}\" data-widget_type=\"button.default\">\n\t\t\t\t\t\t\t\t\t\t<a class=\"elementor-button elementor-button-link elementor-size-sm\" href=\"tel:3522772526\">\n\t\t\t\t\t\t<span class=\"elementor-button-content-wrapper\">\n\t\t\t\t\t\t\t\t\t<span class=\"elementor-button-text\">Contact<\/span>\n\t\t\t\t\t<\/span>\n\t\t\t\t\t<\/a>\n\t\t\t\t\t\t\t\t<\/div>\n\t\t\t\t<\/div>\n\t\t\t\t\t<\/div>\n\t\t\t\t<\/div>\n\t\t<div class=\"elementor-element elementor-element-1a37741b e-flex e-con-boxed e-con e-parent\" data-id=\"1a37741b\" data-element_type=\"container\" data-e-type=\"container\">\n\t\t\t\t\t<div class=\"e-con-inner\">\n\t\t<div class=\"elementor-element elementor-element-44fe3bce e-con-full e-flex e-con e-child\" data-id=\"44fe3bce\" data-element_type=\"container\" data-e-type=\"container\">\n\t\t\t\t<div class=\"elementor-element elementor-element-f5246c4 elementor-invisible elementor-widget elementor-widget-heading\" data-id=\"f5246c4\" data-element_type=\"widget\" data-e-type=\"widget\" data-settings=\"{&quot;_animation&quot;:&quot;fadeInRight&quot;}\" data-widget_type=\"heading.default\">\n\t\t\t\t\t<h2 class=\"elementor-heading-title elementor-size-default\">Lavander\u00eda<\/h2>\t\t\t\t<\/div>\n\t\t\t\t<div class=\"elementor-element elementor-element-53141feb elementor-widget elementor-widget-text-editor\" data-id=\"53141feb\" data-element_type=\"widget\" data-e-type=\"widget\" data-widget_type=\"text-editor.default\">\n\t\t\t\t\t\t\t\t\t<p data-start=\"278\" data-end=\"573\">En <strong data-start=\"242\" data-end=\"257\">Lavander\u00eda Max<\/strong>, Puedes traer tu ropa y usar nuestro <strong data-start=\"298\" data-end=\"345\">lavadoras y secadoras industriales de alta capacidad<\/strong> para una experiencia de lavado r\u00e1pida, sencilla y eficiente.<br data-start=\"399\" data-end=\"402\" \/>Nuestras m\u00e1quinas est\u00e1n dise\u00f1adas para manejar <strong data-start=\"445\" data-end=\"479\">cargas peque\u00f1as, medianas y grandes<\/strong>, ayud\u00e1ndole a ahorrar tiempo y obtener resultados perfectamente limpios.<\/p>\t\t\t\t\t\t\t\t<\/div>\n\t\t<div class=\"elementor-element elementor-element-10e94f5a e-grid e-con-boxed e-con e-child\" data-id=\"10e94f5a\" data-element_type=\"container\" data-e-type=\"container\">\n\t\t\t\t\t<div class=\"e-con-inner\">\n\t\t\t\t<div class=\"elementor-element elementor-element-b931ede elementor-widget elementor-widget-image\" data-id=\"b931ede\" data-element_type=\"widget\" data-e-type=\"widget\" data-widget_type=\"image.default\">\n\t\t\t\t\t\t\t\t\t\t\t\t\t\t\t<img fetchpriority=\"high\" decoding=\"async\" width=\"1200\" height=\"1600\" src=\"https:\/\/laundrymaxcorp.com\/wp-content\/uploads\/2026\/02\/WhatsApp-Image-2026-02-19-at-8.49.21-AM.jpeg\" class=\"attachment-full size-full wp-image-268\" alt=\"\" srcset=\"https:\/\/laundrymaxcorp.com\/wp-content\/uploads\/2026\/02\/WhatsApp-Image-2026-02-19-at-8.49.21-AM.jpeg 1200w, https:\/\/laundrymaxcorp.com\/wp-content\/uploads\/2026\/02\/WhatsApp-Image-2026-02-19-at-8.49.21-AM-225x300.jpeg 225w, https:\/\/laundrymaxcorp.com\/wp-content\/uploads\/2026\/02\/WhatsApp-Image-2026-02-19-at-8.49.21-AM-768x1024.jpeg 768w, https:\/\/laundrymaxcorp.com\/wp-content\/uploads\/2026\/02\/WhatsApp-Image-2026-02-19-at-8.49.21-AM-1152x1536.jpeg 1152w, https:\/\/laundrymaxcorp.com\/wp-content\/uploads\/2026\/02\/WhatsApp-Image-2026-02-19-at-8.49.21-AM-9x12.jpeg 9w\" sizes=\"(max-width: 1200px) 100vw, 1200px\" \/>\t\t\t\t\t\t\t\t\t\t\t\t\t\t\t<\/div>\n\t\t\t\t<div class=\"elementor-element elementor-element-2828c059 elementor-widget elementor-widget-image\" data-id=\"2828c059\" data-element_type=\"widget\" data-e-type=\"widget\" data-widget_type=\"image.default\">\n\t\t\t\t\t\t\t\t\t\t\t\t\t\t\t<img decoding=\"async\" width=\"1200\" height=\"1600\" src=\"https:\/\/laundrymaxcorp.com\/wp-content\/uploads\/2026\/02\/WhatsApp-Image-2026-02-19-at-8.49.22-AM-1.jpeg\" class=\"attachment-full size-full wp-image-269\" alt=\"\" srcset=\"https:\/\/laundrymaxcorp.com\/wp-content\/uploads\/2026\/02\/WhatsApp-Image-2026-02-19-at-8.49.22-AM-1.jpeg 1200w, https:\/\/laundrymaxcorp.com\/wp-content\/uploads\/2026\/02\/WhatsApp-Image-2026-02-19-at-8.49.22-AM-1-225x300.jpeg 225w, https:\/\/laundrymaxcorp.com\/wp-content\/uploads\/2026\/02\/WhatsApp-Image-2026-02-19-at-8.49.22-AM-1-768x1024.jpeg 768w, https:\/\/laundrymaxcorp.com\/wp-content\/uploads\/2026\/02\/WhatsApp-Image-2026-02-19-at-8.49.22-AM-1-1152x1536.jpeg 1152w, https:\/\/laundrymaxcorp.com\/wp-content\/uploads\/2026\/02\/WhatsApp-Image-2026-02-19-at-8.49.22-AM-1-9x12.jpeg 9w\" sizes=\"(max-width: 1200px) 100vw, 1200px\" \/>\t\t\t\t\t\t\t\t\t\t\t\t\t\t\t<\/div>\n\t\t\t\t\t<\/div>\n\t\t\t\t<\/div>\n\t\t\t\t<div class=\"elementor-element elementor-element-3c63f564 elementor-widget elementor-widget-text-editor\" data-id=\"3c63f564\" data-element_type=\"widget\" data-e-type=\"widget\" data-widget_type=\"text-editor.default\">\n\t\t\t\t\t\t\t\t\t<p data-start=\"566\" data-end=\"622\">Ofrecemos una variedad de tama\u00f1os de m\u00e1quinas para satisfacer sus necesidades:<\/p><p data-start=\"624\" data-end=\"651\"><strong data-start=\"624\" data-end=\"649\">Capacidades disponibles:<\/strong><\/p><ul data-start=\"652\" data-end=\"748\"><li data-start=\"652\" data-end=\"716\"><p data-start=\"654\" data-end=\"716\"><strong data-start=\"654\" data-end=\"666\">Arandelas en<\/strong> 20 lb, 30 lb, 40 lb, 60 lb, and 80 lb (Plus 80)<\/p><\/li><li data-start=\"717\" data-end=\"748\"><p data-start=\"719\" data-end=\"748\"><strong data-start=\"719\" data-end=\"730\">Secadoras en<\/strong> 40 lb and 60 lb<\/p><\/li><\/ul><p data-start=\"750\" data-end=\"897\">Todo el equipo se mantiene para garantizar un rendimiento confiable y una calidad de limpieza constante, para que pueda completar su lavado r\u00e1pidamente y con confianza.<\/p><p data-start=\"899\" data-end=\"1094\">Mientras tu ropa se lava y se seca, puedes disfrutar de un <strong data-start=\"958\" data-end=\"996\">ambiente limpio y climatizado<\/strong> Dise\u00f1ado para su comodidad y conveniencia, permiti\u00e9ndole cuidar su ropa a su propio ritmo.<\/p>\t\t\t\t\t\t\t\t<\/div>\n\t\t\t\t<\/div>\n\t\t\t\t\t<\/div>\n\t\t\t\t<\/div>\n\t\t<div class=\"elementor-element elementor-element-6c819ad2 e-flex e-con-boxed e-con e-parent\" data-id=\"6c819ad2\" data-element_type=\"container\" data-e-type=\"container\" data-settings=\"{&quot;background_background&quot;:&quot;classic&quot;}\">\n\t\t\t\t\t<div class=\"e-con-inner\">\n\t\t<div class=\"elementor-element elementor-element-211cbebc e-con-full e-flex e-con e-child\" data-id=\"211cbebc\" data-element_type=\"container\" data-e-type=\"container\">\n\t\t\t\t<div class=\"elementor-element elementor-element-695075ad elementor-invisible elementor-widget elementor-widget-heading\" data-id=\"695075ad\" data-element_type=\"widget\" data-e-type=\"widget\" data-settings=\"{&quot;_animation&quot;:&quot;fadeInUp&quot;}\" data-widget_type=\"heading.default\">\n\t\t\t\t\t<h2 class=\"elementor-heading-title elementor-size-default\">\u00bfListo para una colada limpia y fresca?<\/h2>\t\t\t\t<\/div>\n\t\t\t\t<div class=\"elementor-element elementor-element-398d09ba elementor-invisible elementor-widget elementor-widget-text-editor\" data-id=\"398d09ba\" data-element_type=\"widget\" data-e-type=\"widget\" data-settings=\"{&quot;_animation&quot;:&quot;fadeInUp&quot;}\" data-widget_type=\"text-editor.default\">\n\t\t\t\t\t\t\t\t\t<p>P\u00f3ngase en contacto con <strong data-start=\"232\" data-end=\"247\">Lavander\u00eda Max<\/strong> y disfrute de un servicio de lavander\u00eda r\u00e1pido, fiable y profesional en un entorno limpio y confortable.<br data-start=\"346\" data-end=\"349\" \/>Nuestro equipo est\u00e1 a su disposici\u00f3n para ayudarle con m\u00e1quinas de autoservicio o c\u00f3modas <strong data-start=\"419\" data-end=\"455\">lavar, secar y doblar por libras<\/strong>.<\/p>\t\t\t\t\t\t\t\t<\/div>\n\t\t\t\t<div class=\"elementor-element elementor-element-b8269ad elementor-invisible elementor-widget elementor-widget-button\" data-id=\"b8269ad\" data-element_type=\"widget\" data-e-type=\"widget\" data-settings=\"{&quot;_animation&quot;:&quot;fadeIn&quot;,&quot;_animation_delay&quot;:480}\" data-widget_type=\"button.default\">\n\t\t\t\t\t\t\t\t\t\t<a class=\"elementor-button elementor-button-link elementor-size-sm\" href=\"tel:352-277-2526\">\n\t\t\t\t\t\t<span class=\"elementor-button-content-wrapper\">\n\t\t\t\t\t\t\t\t\t<span class=\"elementor-button-text\">Contacte con nosotros<\/span>\n\t\t\t\t\t<\/span>\n\t\t\t\t\t<\/a>\n\t\t\t\t\t\t\t\t<\/div>\n\t\t\t\t<\/div>\n\t\t\t\t\t<\/div>\n\t\t\t\t<\/div>\n\t\t\t\t<\/div>","protected":false},"excerpt":{"rendered":"<p>Wash and fold service Save time and enjoy total convenience by letting our professional team handle your laundry from beginning to end. Contact Self-Service Laundry At Laundry Max, you can bring your clothes and use our high-capacity industrial washers and dryers for a fast, simple, and efficient washing experience.Our modern machines are designed to handle [&hellip;]<\/p>\n","protected":false},"author":2,"featured_media":0,"parent":0,"menu_order":0,"comment_status":"closed","ping_status":"closed","template":"","meta":{"footnotes":""},"class_list":["post-175","page","type-page","status-publish","hentry"],"aioseo_notices":[],"_links":{"self":[{"href":"https:\/\/laundrymaxcorp.com\/es\/wp-json\/wp\/v2\/pages\/175","targetHints":{"allow":["GET"]}}],"collection":[{"href":"https:\/\/laundrymaxcorp.com\/es\/wp-json\/wp\/v2\/pages"}],"about":[{"href":"https:\/\/laundrymaxcorp.com\/es\/wp-json\/wp\/v2\/types\/page"}],"author":[{"embeddable":true,"href":"https:\/\/laundrymaxcorp.com\/es\/wp-json\/wp\/v2\/users\/2"}],"replies":[{"embeddable":true,"href":"https:\/\/laundrymaxcorp.com\/es\/wp-json\/wp\/v2\/comments?post=175"}],"version-history":[{"count":13,"href":"https:\/\/laundrymaxcorp.com\/es\/wp-json\/wp\/v2\/pages\/175\/revisions"}],"predecessor-version":[{"id":297,"href":"https:\/\/laundrymaxcorp.com\/es\/wp-json\/wp\/v2\/pages\/175\/revisions\/297"}],"wp:attachment":[{"href":"https:\/\/laundrymaxcorp.com\/es\/wp-json\/wp\/v2\/media?parent=175"}],"curies":[{"name":"wp","href":"https:\/\/api.w.org\/{rel}","templated":true}]}}