{"id":82,"date":"2026-02-13T17:58:08","date_gmt":"2026-02-13T17:58:08","guid":{"rendered":"https:\/\/laundrymaxcorp.com\/?page_id=82"},"modified":"2026-02-19T16:17:11","modified_gmt":"2026-02-19T16:17:11","slug":"about-us","status":"publish","type":"page","link":"https:\/\/laundrymaxcorp.com\/es\/about-us\/","title":{"rendered":"Qui\u00e9nes somos"},"content":{"rendered":"<div data-elementor-type=\"wp-page\" data-elementor-id=\"82\" class=\"elementor elementor-82\" data-elementor-post-type=\"page\">\n\t\t\t\t<div class=\"elementor-element elementor-element-1514de1c e-flex e-con-boxed e-con e-parent\" data-id=\"1514de1c\" data-element_type=\"container\" data-e-type=\"container\" data-settings=\"{&quot;background_background&quot;:&quot;classic&quot;}\">\n\t\t\t\t\t<div class=\"e-con-inner\">\n\t\t<div class=\"elementor-element elementor-element-6923a654 e-con-full e-flex e-con e-child\" data-id=\"6923a654\" data-element_type=\"container\" data-e-type=\"container\">\n\t\t\t\t<div class=\"elementor-element elementor-element-75dd5db2 elementor-invisible elementor-widget elementor-widget-heading\" data-id=\"75dd5db2\" data-element_type=\"widget\" data-e-type=\"widget\" data-settings=\"{&quot;_animation&quot;:&quot;fadeInUp&quot;}\" data-widget_type=\"heading.default\">\n\t\t\t\t\t<h1 class=\"elementor-heading-title elementor-size-default\">Qui\u00e9nes somos<\/h1>\t\t\t\t<\/div>\n\t\t\t\t<\/div>\n\t\t\t\t\t<\/div>\n\t\t\t\t<\/div>\n\t\t<div class=\"elementor-element elementor-element-4503c59 e-flex e-con-boxed e-con e-parent\" data-id=\"4503c59\" data-element_type=\"container\" data-e-type=\"container\">\n\t\t\t\t\t<div class=\"e-con-inner\">\n\t\t<div class=\"elementor-element elementor-element-84cdcd7 e-flex e-con-boxed e-con e-child\" data-id=\"84cdcd7\" data-element_type=\"container\" data-e-type=\"container\">\n\t\t\t\t\t<div class=\"e-con-inner\">\n\t\t<div class=\"elementor-element elementor-element-cc685cd e-con-full e-flex e-con e-child\" data-id=\"cc685cd\" data-element_type=\"container\" data-e-type=\"container\">\n\t\t\t\t<div class=\"elementor-element elementor-element-b95c48d elementor-widget elementor-widget-image\" data-id=\"b95c48d\" data-element_type=\"widget\" data-e-type=\"widget\" data-widget_type=\"image.default\">\n\t\t\t\t\t\t\t\t\t\t\t\t\t\t\t<img fetchpriority=\"high\" decoding=\"async\" width=\"853\" height=\"1280\" src=\"https:\/\/laundrymaxcorp.com\/wp-content\/uploads\/2026\/02\/pexels-beautiful-1846474_1280.jpg\" class=\"attachment-full size-full wp-image-122\" alt=\"\" srcset=\"https:\/\/laundrymaxcorp.com\/wp-content\/uploads\/2026\/02\/pexels-beautiful-1846474_1280.jpg 853w, https:\/\/laundrymaxcorp.com\/wp-content\/uploads\/2026\/02\/pexels-beautiful-1846474_1280-200x300.jpg 200w, https:\/\/laundrymaxcorp.com\/wp-content\/uploads\/2026\/02\/pexels-beautiful-1846474_1280-682x1024.jpg 682w, https:\/\/laundrymaxcorp.com\/wp-content\/uploads\/2026\/02\/pexels-beautiful-1846474_1280-768x1152.jpg 768w\" sizes=\"(max-width: 853px) 100vw, 853px\" \/>\t\t\t\t\t\t\t\t\t\t\t\t\t\t\t<\/div>\n\t\t\t\t<div class=\"elementor-element elementor-element-7f1f1ce elementor-widget__width-initial elementor-absolute elementor-invisible elementor-widget elementor-widget-image\" data-id=\"7f1f1ce\" data-element_type=\"widget\" data-e-type=\"widget\" data-settings=\"{&quot;_position&quot;:&quot;absolute&quot;,&quot;_animation&quot;:&quot;fadeInUp&quot;}\" data-widget_type=\"image.default\">\n\t\t\t\t\t\t\t\t\t\t\t\t\t\t\t<img decoding=\"async\" width=\"1280\" height=\"719\" src=\"https:\/\/laundrymaxcorp.com\/wp-content\/uploads\/2026\/02\/house-husband-with-basket-and-dirty-laundry-washed-clothing-in-laundry-room-interior-washing.jpg\" class=\"attachment-full size-full wp-image-85\" alt=\"\" srcset=\"https:\/\/laundrymaxcorp.com\/wp-content\/uploads\/2026\/02\/house-husband-with-basket-and-dirty-laundry-washed-clothing-in-laundry-room-interior-washing.jpg 1280w, https:\/\/laundrymaxcorp.com\/wp-content\/uploads\/2026\/02\/house-husband-with-basket-and-dirty-laundry-washed-clothing-in-laundry-room-interior-washing-300x169.jpg 300w, https:\/\/laundrymaxcorp.com\/wp-content\/uploads\/2026\/02\/house-husband-with-basket-and-dirty-laundry-washed-clothing-in-laundry-room-interior-washing-1024x575.jpg 1024w, https:\/\/laundrymaxcorp.com\/wp-content\/uploads\/2026\/02\/house-husband-with-basket-and-dirty-laundry-washed-clothing-in-laundry-room-interior-washing-768x431.jpg 768w\" sizes=\"(max-width: 1280px) 100vw, 1280px\" \/>\t\t\t\t\t\t\t\t\t\t\t\t\t\t\t<\/div>\n\t\t\t\t<\/div>\n\t\t<div class=\"elementor-element elementor-element-f2f5ffa e-con-full e-flex e-con e-child\" data-id=\"f2f5ffa\" data-element_type=\"container\" data-e-type=\"container\">\n\t\t\t\t<div class=\"elementor-element elementor-element-4b6cd29 elementor-invisible elementor-widget elementor-widget-heading\" data-id=\"4b6cd29\" data-element_type=\"widget\" data-e-type=\"widget\" data-settings=\"{&quot;_animation&quot;:&quot;fadeInRight&quot;}\" data-widget_type=\"heading.default\">\n\t\t\t\t\t<h2 class=\"elementor-heading-title elementor-size-default\">Bienvenido<\/h2>\t\t\t\t<\/div>\n\t\t\t\t<div class=\"elementor-element elementor-element-8d6734a elementor-widget-mobile__width-inherit elementor-invisible elementor-widget elementor-widget-heading\" data-id=\"8d6734a\" data-element_type=\"widget\" data-e-type=\"widget\" data-settings=\"{&quot;_animation&quot;:&quot;fadeInUp&quot;}\" data-widget_type=\"heading.default\">\n\t\t\t\t\t<h3 class=\"elementor-heading-title elementor-size-default\">Le ayudamos a hacer la colada de la mejor manera posible<\/h3>\t\t\t\t<\/div>\n\t\t\t\t<div class=\"elementor-element elementor-element-34535a2 elementor-widget elementor-widget-text-editor\" data-id=\"34535a2\" data-element_type=\"widget\" data-e-type=\"widget\" data-widget_type=\"text-editor.default\">\n\t\t\t\t\t\t\t\t\t<p>En <strong data-start=\"446\" data-end=\"461\">Lavander\u00eda Max<\/strong>, Estamos comprometidos a proporcionar una experiencia de lavander\u00eda c\u00f3moda, eficiente y de alta calidad.<\/p>\t\t\t\t\t\t\t\t<\/div>\n\t\t\t\t<div class=\"elementor-element elementor-element-8bc8354 elementor-widget elementor-widget-text-editor\" data-id=\"8bc8354\" data-element_type=\"widget\" data-e-type=\"widget\" data-widget_type=\"text-editor.default\">\n\t\t\t\t\t\t\t\t\t<p>Our modern equipment, clean facilities, and friendly environment allow you to <strong data-start=\"636\" data-end=\"666\">lave la ropa usted mismo<\/strong> or leave them with our team to receive them <strong data-start=\"711\" data-end=\"747\">clean, dry, and perfectly folded<\/strong>.<\/p>\t\t\t\t\t\t\t\t<\/div>\n\t\t\t\t<div class=\"elementor-element elementor-element-af936cb elementor-widget elementor-widget-text-editor\" data-id=\"af936cb\" data-element_type=\"widget\" data-e-type=\"widget\" data-widget_type=\"text-editor.default\">\n\t\t\t\t\t\t\t\t\t<p>Key Benefits<\/p>\t\t\t\t\t\t\t\t<\/div>\n\t\t\t\t<div class=\"elementor-element elementor-element-2a1ff3b elementor-widget elementor-widget-text-editor\" data-id=\"2a1ff3b\" data-element_type=\"widget\" data-e-type=\"widget\" data-widget_type=\"text-editor.default\">\n\t\t\t\t\t\t\t\t\t<h2 data-start=\"780\" data-end=\"797\">Nuestro Compromiso<\/h2><p data-start=\"799\" data-end=\"827\">En Laundry Max, nos centramos en:<\/p><ul data-start=\"829\" data-end=\"1126\"><li data-start=\"829\" data-end=\"892\"><p data-start=\"831\" data-end=\"892\">Mantenimiento <strong data-start=\"843\" data-end=\"890\">Instalaciones limpias, seguras y con aire acondicionado.<\/strong><\/p><\/li><li data-start=\"893\" data-end=\"949\"><p data-start=\"895\" data-end=\"949\">Siempre que <strong data-start=\"905\" data-end=\"947\">m\u00e1quinas modernas en m\u00faltiples capacidades<\/strong><\/p><\/li><li data-start=\"950\" data-end=\"1005\"><p data-start=\"952\" data-end=\"1005\">Entregando <strong data-start=\"963\" data-end=\"1003\">Servicio amable y atenci\u00f3n confiable<\/strong><\/p><\/li><li data-start=\"1006\" data-end=\"1062\"><p data-start=\"1008\" data-end=\"1062\">Tratando cada prenda con procesos de lavado adecuados.<\/p><\/li><li data-start=\"1063\" data-end=\"1126\"><p data-start=\"1065\" data-end=\"1126\">Garantizar resultados que sean <strong data-start=\"1091\" data-end=\"1126\">limpio, fresco y cuidadosamente doblado<\/strong><\/p><\/li><\/ul><p data-start=\"1128\" data-end=\"1220\">Nuestro objetivo es convertir una tarea cotidiana en una <strong data-start=\"1173\" data-end=\"1219\">Experiencia r\u00e1pida, c\u00f3moda y placentera.<\/strong>.<\/p>\t\t\t\t\t\t\t\t<\/div>\n\t\t\t\t<\/div>\n\t\t\t\t\t<\/div>\n\t\t\t\t<\/div>\n\t\t\t\t\t<\/div>\n\t\t\t\t<\/div>\n\t\t<div class=\"elementor-element elementor-element-2c121eb e-flex e-con-boxed e-con e-parent\" data-id=\"2c121eb\" data-element_type=\"container\" data-e-type=\"container\" data-settings=\"{&quot;background_background&quot;:&quot;classic&quot;}\">\n\t\t\t\t\t<div class=\"e-con-inner\">\n\t\t<div class=\"elementor-element elementor-element-7d4098bc e-con-full e-flex e-con e-child\" data-id=\"7d4098bc\" data-element_type=\"container\" data-e-type=\"container\">\n\t\t<div class=\"elementor-element elementor-element-b0ef15c e-con-full e-flex e-con e-child\" data-id=\"b0ef15c\" data-element_type=\"container\" data-e-type=\"container\">\n\t\t\t\t<div class=\"elementor-element elementor-element-a63504a elementor-invisible elementor-widget elementor-widget-heading\" data-id=\"a63504a\" data-element_type=\"widget\" data-e-type=\"widget\" data-settings=\"{&quot;_animation&quot;:&quot;fadeInLeft&quot;}\" data-widget_type=\"heading.default\">\n\t\t\t\t\t<h2 class=\"elementor-heading-title elementor-size-default\">C\u00f3moda zona de espera<\/h2>\t\t\t\t<\/div>\n\t\t\t\t<div class=\"elementor-element elementor-element-be722bc elementor-invisible elementor-widget elementor-widget-text-editor\" data-id=\"be722bc\" data-element_type=\"widget\" data-e-type=\"widget\" data-settings=\"{&quot;_animation&quot;:&quot;fadeInRight&quot;}\" data-widget_type=\"text-editor.default\">\n\t\t\t\t\t\t\t\t\t<p>Mientras se completa su colada, puede relajarse y disfrutar de un espacio totalmente climatizado con televisi\u00f3n, m\u00fasica, aperitivos y refrescos en un ambiente limpio y confortable. En Laundry Max, nuestro objetivo es hacer que su visita sea agradable, c\u00f3moda y sin estr\u00e9s mientras espera a que su ropa est\u00e9 lista.<\/p>\t\t\t\t\t\t\t\t<\/div>\n\t\t\t\t<div class=\"elementor-element elementor-element-279e25d elementor-align-center elementor-invisible elementor-widget elementor-widget-button\" data-id=\"279e25d\" data-element_type=\"widget\" data-e-type=\"widget\" data-settings=\"{&quot;_animation&quot;:&quot;fadeIn&quot;,&quot;_animation_delay&quot;:480}\" data-widget_type=\"button.default\">\n\t\t\t\t\t\t\t\t\t\t<a class=\"elementor-button elementor-button-link elementor-size-sm\" href=\"#\">\n\t\t\t\t\t\t<span class=\"elementor-button-content-wrapper\">\n\t\t\t\t\t\t<span class=\"elementor-button-icon\">\n\t\t\t\t<svg aria-hidden=\"true\" class=\"e-font-icon-svg e-far-hand-point-right\" viewbox=\"0 0 512 512\" xmlns=\"http:\/\/www.w3.org\/2000\/svg\"><path d=\"M428.8 137.6h-86.177a115.52 115.52 0 0 0 2.176-22.4c0-47.914-35.072-83.2-92-83.2-45.314 0-57.002 48.537-75.707 78.784-7.735 12.413-16.994 23.317-25.851 33.253l-.131.146-.129.148C135.662 161.807 127.764 168 120.8 168h-2.679c-5.747-4.952-13.536-8-22.12-8H32c-17.673 0-32 12.894-32 28.8v230.4C0 435.106 14.327 448 32 448h64c8.584 0 16.373-3.048 22.12-8h2.679c28.688 0 67.137 40 127.2 40h21.299c62.542 0 98.8-38.658 99.94-91.145 12.482-17.813 18.491-40.785 15.985-62.791A93.148 93.148 0 0 0 393.152 304H428.8c45.435 0 83.2-37.584 83.2-83.2 0-45.099-38.101-83.2-83.2-83.2zm0 118.4h-91.026c12.837 14.669 14.415 42.825-4.95 61.05 11.227 19.646 1.687 45.624-12.925 53.625 6.524 39.128-10.076 61.325-50.6 61.325H248c-45.491 0-77.21-35.913-120-39.676V215.571c25.239-2.964 42.966-21.222 59.075-39.596 11.275-12.65 21.725-25.3 30.799-39.875C232.355 112.712 244.006 80 252.8 80c23.375 0 44 8.8 44 35.2 0 35.2-26.4 53.075-26.4 70.4h158.4c18.425 0 35.2 16.5 35.2 35.2 0 18.975-16.225 35.2-35.2 35.2zM88 384c0 13.255-10.745 24-24 24s-24-10.745-24-24 10.745-24 24-24 24 10.745 24 24z\"><\/path><\/svg>\t\t\t<\/span>\n\t\t\t\t\t\t\t\t\t<span class=\"elementor-button-text\">M\u00e1s informaci\u00f3n<\/span>\n\t\t\t\t\t<\/span>\n\t\t\t\t\t<\/a>\n\t\t\t\t\t\t\t\t<\/div>\n\t\t\t\t<\/div>\n\t\t\t\t<\/div>\n\t\t\t\t\t<\/div>\n\t\t\t\t<\/div>\n\t\t<div class=\"elementor-element elementor-element-cbd9f82 e-flex e-con-boxed e-con e-parent\" data-id=\"cbd9f82\" data-element_type=\"container\" data-e-type=\"container\" data-settings=\"{&quot;background_background&quot;:&quot;classic&quot;}\">\n\t\t\t\t\t<div class=\"e-con-inner\">\n\t\t<div class=\"elementor-element elementor-element-3029167 e-flex e-con-boxed e-con e-child\" data-id=\"3029167\" data-element_type=\"container\" data-e-type=\"container\">\n\t\t\t\t\t<div class=\"e-con-inner\">\n\t\t\t\t<div class=\"elementor-element elementor-element-4dc751e elementor-widget-tablet__width-inherit elementor-invisible elementor-widget elementor-widget-heading\" data-id=\"4dc751e\" data-element_type=\"widget\" data-e-type=\"widget\" data-settings=\"{&quot;_animation&quot;:&quot;fadeIn&quot;,&quot;_animation_delay&quot;:480}\" data-widget_type=\"heading.default\">\n\t\t\t\t\t<h2 class=\"elementor-heading-title elementor-size-default\">Nuestros servicios<\/h2>\t\t\t\t<\/div>\n\t\t\t\t<div class=\"elementor-element elementor-element-6f3e8c9 elementor-invisible elementor-widget elementor-widget-heading\" data-id=\"6f3e8c9\" data-element_type=\"widget\" data-e-type=\"widget\" data-settings=\"{&quot;_animation&quot;:&quot;fadeInLeft&quot;}\" data-widget_type=\"heading.default\">\n\t\t\t\t\t<h3 class=\"elementor-heading-title elementor-size-default\">SERVICIOS LAUNDRY MAX<\/h3>\t\t\t\t<\/div>\n\t\t\t\t<div class=\"elementor-element elementor-element-73864b0 elementor-invisible elementor-widget elementor-widget-text-editor\" data-id=\"73864b0\" data-element_type=\"widget\" data-e-type=\"widget\" data-settings=\"{&quot;_animation&quot;:&quot;fadeInRight&quot;}\" data-widget_type=\"text-editor.default\">\n\t\t\t\t\t\t\t\t\t<p data-start=\"158\" data-end=\"290\">En Laundry Max, puede traer su ropa y utilizar nuestras lavadoras y secadoras industriales de gran capacidad para disfrutar de una experiencia de lavado r\u00e1pida y eficaz.<\/p>\t\t\t\t\t\t\t\t<\/div>\n\t\t\t\t\t<\/div>\n\t\t\t\t<\/div>\n\t\t<div class=\"elementor-element elementor-element-98d3aca e-grid e-con-full e-con e-child\" data-id=\"98d3aca\" data-element_type=\"container\" data-e-type=\"container\">\n\t\t<div class=\"elementor-element elementor-element-c6cae64 e-flex e-con-boxed elementor-invisible e-con e-child\" data-id=\"c6cae64\" data-element_type=\"container\" data-e-type=\"container\" data-settings=\"{&quot;background_background&quot;:&quot;classic&quot;,&quot;animation&quot;:&quot;fadeInUp&quot;}\">\n\t\t\t\t\t<div class=\"e-con-inner\">\n\t\t\t\t<div class=\"elementor-element elementor-element-42ff6db elementor-position-top elementor-widget elementor-widget-image-box\" data-id=\"42ff6db\" data-element_type=\"widget\" data-e-type=\"widget\" data-widget_type=\"image-box.default\">\n\t\t\t\t\t<div class=\"elementor-image-box-wrapper\"><figure class=\"elementor-image-box-img\"><img decoding=\"async\" width=\"64\" height=\"64\" src=\"https:\/\/laundrymaxcorp.com\/wp-content\/uploads\/2026\/02\/Svc-1.png\" class=\"attachment-full size-full wp-image-31\" alt=\"\" \/><\/figure><div class=\"elementor-image-box-content\"><div class=\"elementor-image-box-title\">Lavander\u00eda<\/div><p class=\"elementor-image-box-description\">En Laundry Max, puede traer su ropa y utilizar nuestras lavadoras y secadoras industriales de gran capacidad para disfrutar de una experiencia de lavado r\u00e1pida y eficaz.<\/p><\/div><\/div>\t\t\t\t<\/div>\n\t\t\t\t<div class=\"elementor-element elementor-element-138d26c elementor-widget elementor-widget-button\" data-id=\"138d26c\" data-element_type=\"widget\" data-e-type=\"widget\" data-widget_type=\"button.default\">\n\t\t\t\t\t\t\t\t\t\t<a class=\"elementor-button elementor-button-link elementor-size-sm\" href=\"https:\/\/laundrymaxcorp.com\/es\/self-service-laundry\/\">\n\t\t\t\t\t\t<span class=\"elementor-button-content-wrapper\">\n\t\t\t\t\t\t\t\t\t<span class=\"elementor-button-text\">M\u00e1s informaci\u00f3n<\/span>\n\t\t\t\t\t<\/span>\n\t\t\t\t\t<\/a>\n\t\t\t\t\t\t\t\t<\/div>\n\t\t\t\t\t<\/div>\n\t\t\t\t<\/div>\n\t\t<div class=\"elementor-element elementor-element-33a31ac e-flex e-con-boxed elementor-invisible e-con e-child\" data-id=\"33a31ac\" data-element_type=\"container\" data-e-type=\"container\" data-settings=\"{&quot;background_background&quot;:&quot;classic&quot;,&quot;animation&quot;:&quot;fadeInUp&quot;,&quot;animation_delay&quot;:240}\">\n\t\t\t\t\t<div class=\"e-con-inner\">\n\t\t\t\t<div class=\"elementor-element elementor-element-aa8ac8f elementor-position-top elementor-widget elementor-widget-image-box\" data-id=\"aa8ac8f\" data-element_type=\"widget\" data-e-type=\"widget\" data-widget_type=\"image-box.default\">\n\t\t\t\t\t<div class=\"elementor-image-box-wrapper\"><figure class=\"elementor-image-box-img\"><img loading=\"lazy\" decoding=\"async\" width=\"64\" height=\"64\" src=\"https:\/\/laundrymaxcorp.com\/wp-content\/uploads\/2026\/02\/Svc-4.png\" class=\"attachment-full size-full wp-image-34\" alt=\"\" \/><\/figure><div class=\"elementor-image-box-content\"><div class=\"elementor-image-box-title\">lavar y doblar<\/div><p class=\"elementor-image-box-description\">Ahorre tiempo dejando que nuestro equipo se encargue de todo.\nLavamos, secamos y doblamos cuidadosamente su ropa, para que est\u00e9 lista para su recogida y uso inmediato.<\/p><\/div><\/div>\t\t\t\t<\/div>\n\t\t\t\t<div class=\"elementor-element elementor-element-7bfc160 elementor-widget elementor-widget-button\" data-id=\"7bfc160\" data-element_type=\"widget\" data-e-type=\"widget\" data-widget_type=\"button.default\">\n\t\t\t\t\t\t\t\t\t\t<a class=\"elementor-button elementor-button-link elementor-size-sm\" href=\"https:\/\/laundrymaxcorp.com\/es\/wash-dry-and-fold-service\/\">\n\t\t\t\t\t\t<span class=\"elementor-button-content-wrapper\">\n\t\t\t\t\t\t\t\t\t<span class=\"elementor-button-text\">M\u00e1s informaci\u00f3n<\/span>\n\t\t\t\t\t<\/span>\n\t\t\t\t\t<\/a>\n\t\t\t\t\t\t\t\t<\/div>\n\t\t\t\t\t<\/div>\n\t\t\t\t<\/div>\n\t\t<div class=\"elementor-element elementor-element-a51489a e-flex e-con-boxed elementor-invisible e-con e-child\" data-id=\"a51489a\" data-element_type=\"container\" data-e-type=\"container\" data-settings=\"{&quot;background_background&quot;:&quot;classic&quot;,&quot;animation&quot;:&quot;fadeInUp&quot;,&quot;animation_delay&quot;:480}\">\n\t\t\t\t\t<div class=\"e-con-inner\">\n\t\t\t\t<div class=\"elementor-element elementor-element-896a1eb elementor-position-top elementor-widget elementor-widget-image-box\" data-id=\"896a1eb\" data-element_type=\"widget\" data-e-type=\"widget\" data-widget_type=\"image-box.default\">\n\t\t\t\t\t<div class=\"elementor-image-box-wrapper\"><figure class=\"elementor-image-box-img\"><img loading=\"lazy\" decoding=\"async\" width=\"64\" height=\"64\" src=\"https:\/\/laundrymaxcorp.com\/wp-content\/uploads\/2026\/02\/Svc-6.png\" class=\"attachment-full size-full wp-image-36\" alt=\"\" \/><\/figure><div class=\"elementor-image-box-content\"><div class=\"elementor-image-box-title\">C\u00f3moda zona de espera<\/div><p class=\"elementor-image-box-description\">Mientras se completa su colada, rel\u00e1jese en un ambiente limpio, climatizado y acogedor, con televisi\u00f3n, m\u00fasica, aperitivos y refrescos a su disposici\u00f3n.<\/p><\/div><\/div>\t\t\t\t<\/div>\n\t\t\t\t<div class=\"elementor-element elementor-element-e3a3d7f elementor-widget elementor-widget-button\" data-id=\"e3a3d7f\" data-element_type=\"widget\" data-e-type=\"widget\" data-widget_type=\"button.default\">\n\t\t\t\t\t\t\t\t\t\t<a class=\"elementor-button elementor-button-link elementor-size-sm\" href=\"https:\/\/laundrymaxcorp.com\/es\/comfortable-waiting-area\/\">\n\t\t\t\t\t\t<span class=\"elementor-button-content-wrapper\">\n\t\t\t\t\t\t\t\t\t<span class=\"elementor-button-text\">M\u00e1s informaci\u00f3n<\/span>\n\t\t\t\t\t<\/span>\n\t\t\t\t\t<\/a>\n\t\t\t\t\t\t\t\t<\/div>\n\t\t\t\t\t<\/div>\n\t\t\t\t<\/div>\n\t\t\t\t<\/div>\n\t\t\t\t\t<\/div>\n\t\t\t\t<\/div>\n\t\t\t\t<\/div>","protected":false},"excerpt":{"rendered":"<p>About Us Welcome Helping you in doing your laundry at the finest At Laundry Max, we are committed to providing a comfortable, efficient, and high-quality laundry experience. Our modern equipment, clean facilities, and friendly environment allow you to wash your clothes yourself or leave them with our team to receive them clean, dry, and perfectly [&hellip;]<\/p>\n","protected":false},"author":2,"featured_media":0,"parent":0,"menu_order":0,"comment_status":"closed","ping_status":"closed","template":"","meta":{"footnotes":""},"class_list":["post-82","page","type-page","status-publish","hentry"],"aioseo_notices":[],"_links":{"self":[{"href":"https:\/\/laundrymaxcorp.com\/es\/wp-json\/wp\/v2\/pages\/82","targetHints":{"allow":["GET"]}}],"collection":[{"href":"https:\/\/laundrymaxcorp.com\/es\/wp-json\/wp\/v2\/pages"}],"about":[{"href":"https:\/\/laundrymaxcorp.com\/es\/wp-json\/wp\/v2\/types\/page"}],"author":[{"embeddable":true,"href":"https:\/\/laundrymaxcorp.com\/es\/wp-json\/wp\/v2\/users\/2"}],"replies":[{"embeddable":true,"href":"https:\/\/laundrymaxcorp.com\/es\/wp-json\/wp\/v2\/comments?post=82"}],"version-history":[{"count":22,"href":"https:\/\/laundrymaxcorp.com\/es\/wp-json\/wp\/v2\/pages\/82\/revisions"}],"predecessor-version":[{"id":284,"href":"https:\/\/laundrymaxcorp.com\/es\/wp-json\/wp\/v2\/pages\/82\/revisions\/284"}],"wp:attachment":[{"href":"https:\/\/laundrymaxcorp.com\/es\/wp-json\/wp\/v2\/media?parent=82"}],"curies":[{"name":"wp","href":"https:\/\/api.w.org\/{rel}","templated":true}]}}