{"id":97,"date":"2026-02-13T18:06:22","date_gmt":"2026-02-13T18:06:22","guid":{"rendered":"https:\/\/laundrymaxcorp.com\/?page_id=97"},"modified":"2026-02-17T22:09:51","modified_gmt":"2026-02-17T22:09:51","slug":"faq","status":"publish","type":"page","link":"https:\/\/laundrymaxcorp.com\/es\/faq\/","title":{"rendered":"Faq"},"content":{"rendered":"<div data-elementor-type=\"wp-page\" data-elementor-id=\"97\" class=\"elementor elementor-97\" data-elementor-post-type=\"page\">\n\t\t\t\t<div class=\"elementor-element elementor-element-540df4ca e-flex e-con-boxed e-con e-parent\" data-id=\"540df4ca\" data-element_type=\"container\" data-e-type=\"container\" data-settings=\"{&quot;background_background&quot;:&quot;classic&quot;}\">\n\t\t\t\t\t<div class=\"e-con-inner\">\n\t\t<div class=\"elementor-element elementor-element-7416008c e-con-full e-flex e-con e-child\" data-id=\"7416008c\" data-element_type=\"container\" data-e-type=\"container\">\n\t\t\t\t<div class=\"elementor-element elementor-element-78541735 elementor-invisible elementor-widget elementor-widget-heading\" data-id=\"78541735\" data-element_type=\"widget\" data-e-type=\"widget\" data-settings=\"{&quot;_animation&quot;:&quot;fadeInUp&quot;}\" data-widget_type=\"heading.default\">\n\t\t\t\t\t<h1 class=\"elementor-heading-title elementor-size-default\">PREGUNTAS FRECUENTES<\/h1>\t\t\t\t<\/div>\n\t\t\t\t<div class=\"elementor-element elementor-element-77884e69 elementor-invisible elementor-widget elementor-widget-heading\" data-id=\"77884e69\" data-element_type=\"widget\" data-e-type=\"widget\" data-settings=\"{&quot;_animation&quot;:&quot;fadeIn&quot;,&quot;_animation_delay&quot;:360}\" data-widget_type=\"heading.default\">\n\t\t\t\t\t<p class=\"elementor-heading-title elementor-size-default\">Pellentesque ipsum sollicitudin est finibus elementum nullam suspendisse convallis ac primis.<\/p>\t\t\t\t<\/div>\n\t\t\t\t<\/div>\n\t\t\t\t\t<\/div>\n\t\t\t\t<\/div>\n\t\t<div class=\"elementor-element elementor-element-2d49e0ca e-flex e-con-boxed e-con e-parent\" data-id=\"2d49e0ca\" data-element_type=\"container\" data-e-type=\"container\">\n\t\t\t\t\t<div class=\"e-con-inner\">\n\t\t<div class=\"elementor-element elementor-element-3a6efdfb e-con-full e-flex e-con e-child\" data-id=\"3a6efdfb\" data-element_type=\"container\" data-e-type=\"container\" data-settings=\"{&quot;background_background&quot;:&quot;classic&quot;}\">\n\t\t\t\t<div class=\"elementor-element elementor-element-7d592467 elementor-widget__width-initial elementor-absolute elementor-invisible elementor-widget elementor-widget-image\" data-id=\"7d592467\" data-element_type=\"widget\" data-e-type=\"widget\" data-settings=\"{&quot;_position&quot;:&quot;absolute&quot;,&quot;_animation&quot;:&quot;bounceIn&quot;}\" data-widget_type=\"image.default\">\n\t\t\t\t\t\t\t\t\t\t\t\t\t\t\t<img fetchpriority=\"high\" decoding=\"async\" width=\"1250\" height=\"1203\" src=\"https:\/\/laundrymaxcorp.com\/wp-content\/uploads\/2026\/02\/freepik-export-20240522155450qhZK-1.png\" class=\"attachment-full size-full wp-image-49\" alt=\"\" srcset=\"https:\/\/laundrymaxcorp.com\/wp-content\/uploads\/2026\/02\/freepik-export-20240522155450qhZK-1.png 1250w, https:\/\/laundrymaxcorp.com\/wp-content\/uploads\/2026\/02\/freepik-export-20240522155450qhZK-1-300x289.png 300w, https:\/\/laundrymaxcorp.com\/wp-content\/uploads\/2026\/02\/freepik-export-20240522155450qhZK-1-1024x985.png 1024w, https:\/\/laundrymaxcorp.com\/wp-content\/uploads\/2026\/02\/freepik-export-20240522155450qhZK-1-768x739.png 768w\" sizes=\"(max-width: 1250px) 100vw, 1250px\" \/>\t\t\t\t\t\t\t\t\t\t\t\t\t\t\t<\/div>\n\t\t\t\t<div class=\"elementor-element elementor-element-4506ad5c elementor-widget elementor-widget-image\" data-id=\"4506ad5c\" data-element_type=\"widget\" data-e-type=\"widget\" data-widget_type=\"image.default\">\n\t\t\t\t\t\t\t\t\t\t\t\t\t\t\t<img decoding=\"async\" width=\"500\" height=\"655\" src=\"https:\/\/laundrymaxcorp.com\/wp-content\/uploads\/2026\/02\/dreamy-housewife-with-clean-clothes-2023-11-27-05-16-10-utc-1.png\" class=\"attachment-full size-full wp-image-50\" alt=\"\" srcset=\"https:\/\/laundrymaxcorp.com\/wp-content\/uploads\/2026\/02\/dreamy-housewife-with-clean-clothes-2023-11-27-05-16-10-utc-1.png 500w, https:\/\/laundrymaxcorp.com\/wp-content\/uploads\/2026\/02\/dreamy-housewife-with-clean-clothes-2023-11-27-05-16-10-utc-1-229x300.png 229w\" sizes=\"(max-width: 500px) 100vw, 500px\" \/>\t\t\t\t\t\t\t\t\t\t\t\t\t\t\t<\/div>\n\t\t\t\t<\/div>\n\t\t<div class=\"elementor-element elementor-element-443b4968 e-con-full e-flex e-con e-child\" data-id=\"443b4968\" data-element_type=\"container\" data-e-type=\"container\">\n\t\t\t\t<div class=\"elementor-element elementor-element-52630cfe elementor-invisible elementor-widget elementor-widget-heading\" data-id=\"52630cfe\" data-element_type=\"widget\" data-e-type=\"widget\" data-settings=\"{&quot;_animation&quot;:&quot;fadeInRight&quot;}\" data-widget_type=\"heading.default\">\n\t\t\t\t\t<h2 class=\"elementor-heading-title elementor-size-default\">Preguntas frecuentes<\/h2>\t\t\t\t<\/div>\n\t\t\t\t<div class=\"elementor-element elementor-element-545f13cd elementor-widget-mobile__width-inherit elementor-invisible elementor-widget elementor-widget-heading\" data-id=\"545f13cd\" data-element_type=\"widget\" data-e-type=\"widget\" data-settings=\"{&quot;_animation&quot;:&quot;fadeInUp&quot;}\" data-widget_type=\"heading.default\">\n\t\t\t\t\t<h3 class=\"elementor-heading-title elementor-size-default\">Your Laundry Queries, Answered!<\/h3>\t\t\t\t<\/div>\n\t\t\t\t<div class=\"elementor-element elementor-element-30033993 elementor-invisible elementor-widget elementor-widget-elementskit-accordion\" data-id=\"30033993\" data-element_type=\"widget\" data-e-type=\"widget\" data-settings=\"{&quot;_animation&quot;:&quot;fadeIn&quot;,&quot;_animation_delay&quot;:240}\" data-widget_type=\"elementskit-accordion.default\">\n\t\t\t\t\t<div class=\"ekit-wid-con\" >\n        <div class=\"elementskit-accordion accoedion-primary\" id=\"accordion-69e2c52b1b3dc\">\n\n            \n                <div class=\"elementskit-card active\">\n                    <div class=\"elementskit-card-header\" id=\"primaryHeading-0-30033993\">\n                        <a href=\"#collapse-6f4913969e2c52b1b3dc\" class=\"ekit-accordion--toggler elementskit-btn-link collapsed\" data-ekit-toggle=\"collapse\" data-target=\"#Collapse-6f4913969e2c52b1b3dc\" aria-expanded=\"true\" aria-controls=\"Collapse-6f4913969e2c52b1b3dc\">\n                            \n                            <span class=\"ekit-accordion-title\">\u00bfPor qu\u00e9 elegir Laundry Max?<\/span>\n\n                            \n                                <div class=\"ekit_accordion_icon_group\">\n                                    <div class=\"ekit_accordion_normal_icon\">\n                                        <!-- Normal Icon -->\n\t\t\t\t\t\t\t\t\t\t<i class=\"mdi mdi-chevron-down-circle\"><\/i>                                    <\/div>\n\n                                    <div class=\"ekit_accordion_active_icon\">\n                                        <!-- Active Icon -->\n\t\t\t\t\t\t\t\t\t\t<i class=\"mdi mdi-close\"><\/i>                                    <\/div>\n                                <\/div>\n\n                            \n                                                    <\/a>\n                    <\/div>\n\n                    <div id=\"Collapse-6f4913969e2c52b1b3dc\" class=\"show collapse\" aria-labelledby=\"primaryHeading-0-30033993\" data-parent=\"#accordion-69e2c52b1b3dc\">\n\n                        <div class=\"elementskit-card-body ekit-accordion--content\">\n                            <p>En <strong>Lavander\u00eda Max<\/strong>Combinamos m\u00e1quinas modernas de alta capacidad, instalaciones limpias y con aire acondicionado, y un amable servicio al cliente para brindar una experiencia de lavander\u00eda r\u00e1pida, confiable y c\u00f3moda. Nuestro objetivo es entregarle ropa limpia, fresca y perfectamente doblada en cada visita.<\/p>                        <\/div>\n\n                    <\/div>\n\n                <\/div><!-- .elementskit-card END -->\n\n                \n                <div class=\"elementskit-card\">\n                    <div class=\"elementskit-card-header\" id=\"primaryHeading-1-30033993\">\n                        <a href=\"#collapse-042b37869e2c52b1b3dc\" class=\"ekit-accordion--toggler elementskit-btn-link collapsed\" data-ekit-toggle=\"collapse\" data-target=\"#Collapse-042b37869e2c52b1b3dc\" aria-expanded=\"false\" aria-controls=\"Collapse-042b37869e2c52b1b3dc\">\n                            \n                            <span class=\"ekit-accordion-title\">\u00bfC\u00f3mo le brindamos servicios?<\/span>\n\n                            \n                                <div class=\"ekit_accordion_icon_group\">\n                                    <div class=\"ekit_accordion_normal_icon\">\n                                        <!-- Normal Icon -->\n\t\t\t\t\t\t\t\t\t\t<i class=\"mdi mdi-chevron-down-circle\"><\/i>                                    <\/div>\n\n                                    <div class=\"ekit_accordion_active_icon\">\n                                        <!-- Active Icon -->\n\t\t\t\t\t\t\t\t\t\t<i class=\"mdi mdi-close\"><\/i>                                    <\/div>\n                                <\/div>\n\n                            \n                                                    <\/a>\n                    <\/div>\n\n                    <div id=\"Collapse-042b37869e2c52b1b3dc\" class=\"collapse\" aria-labelledby=\"primaryHeading-1-30033993\" data-parent=\"#accordion-69e2c52b1b3dc\">\n\n                        <div class=\"elementskit-card-body ekit-accordion--content\">\n                            <p>Ofrecemos dos opciones convenientes: puedes <strong>lave la ropa usted mismo<\/strong> utilizando nuestras lavadoras y secadoras industriales, o puede elegir nuestra <strong>lavar, secar y doblar por libras<\/strong> Servicio, donde nuestro equipo se encarga de todo el proceso y prepara tu ropa para una f\u00e1cil recogida.<\/p>                        <\/div>\n\n                    <\/div>\n\n                <\/div><!-- .elementskit-card END -->\n\n                \n                <div class=\"elementskit-card\">\n                    <div class=\"elementskit-card-header\" id=\"primaryHeading-2-30033993\">\n                        <a href=\"#collapse-247bb1b69e2c52b1b3dc\" class=\"ekit-accordion--toggler elementskit-btn-link collapsed\" data-ekit-toggle=\"collapse\" data-target=\"#Collapse-247bb1b69e2c52b1b3dc\" aria-expanded=\"false\" aria-controls=\"Collapse-247bb1b69e2c52b1b3dc\">\n                            \n                            <span class=\"ekit-accordion-title\">\u00bfEn qu\u00e9 sentido somos m\u00e1s asequibles que otros?<\/span>\n\n                            \n                                <div class=\"ekit_accordion_icon_group\">\n                                    <div class=\"ekit_accordion_normal_icon\">\n                                        <!-- Normal Icon -->\n\t\t\t\t\t\t\t\t\t\t<i class=\"mdi mdi-chevron-down-circle\"><\/i>                                    <\/div>\n\n                                    <div class=\"ekit_accordion_active_icon\">\n                                        <!-- Active Icon -->\n\t\t\t\t\t\t\t\t\t\t<i class=\"mdi mdi-close\"><\/i>                                    <\/div>\n                                <\/div>\n\n                            \n                                                    <\/a>\n                    <\/div>\n\n                    <div id=\"Collapse-247bb1b69e2c52b1b3dc\" class=\"collapse\" aria-labelledby=\"primaryHeading-2-30033993\" data-parent=\"#accordion-69e2c52b1b3dc\">\n\n                        <div class=\"elementskit-card-body ekit-accordion--content\">\n                            <p>Nuestro equipo eficiente, servicio r\u00e1pido y opciones de lavander\u00eda flexibles lo ayudan <strong>Ahorre tiempo y dinero<\/strong>.<br \/>Ya sea que elija autoservicio o servicio completo, <strong>Lavander\u00eda Max<\/strong> Proporciona un valor excelente con resultados de alta calidad.<\/p>                        <\/div>\n\n                    <\/div>\n\n                <\/div><!-- .elementskit-card END -->\n\n                \n                <div class=\"elementskit-card\">\n                    <div class=\"elementskit-card-header\" id=\"primaryHeading-3-30033993\">\n                        <a href=\"#collapse-7dce0e769e2c52b1b3dc\" class=\"ekit-accordion--toggler elementskit-btn-link collapsed\" data-ekit-toggle=\"collapse\" data-target=\"#Collapse-7dce0e769e2c52b1b3dc\" aria-expanded=\"false\" aria-controls=\"Collapse-7dce0e769e2c52b1b3dc\">\n                            \n                            <span class=\"ekit-accordion-title\">\u00bfQu\u00e9 m\u00e9todos de pago est\u00e1n disponibles?<\/span>\n\n                            \n                                <div class=\"ekit_accordion_icon_group\">\n                                    <div class=\"ekit_accordion_normal_icon\">\n                                        <!-- Normal Icon -->\n\t\t\t\t\t\t\t\t\t\t<i class=\"mdi mdi-chevron-down-circle\"><\/i>                                    <\/div>\n\n                                    <div class=\"ekit_accordion_active_icon\">\n                                        <!-- Active Icon -->\n\t\t\t\t\t\t\t\t\t\t<i class=\"mdi mdi-close\"><\/i>                                    <\/div>\n                                <\/div>\n\n                            \n                                                    <\/a>\n                    <\/div>\n\n                    <div id=\"Collapse-7dce0e769e2c52b1b3dc\" class=\"collapse\" aria-labelledby=\"primaryHeading-3-30033993\" data-parent=\"#accordion-69e2c52b1b3dc\">\n\n                        <div class=\"elementskit-card-body ekit-accordion--content\">\n                            <p>Nosotros aceptamos <strong>Opciones de pago convenientes y f\u00e1ciles<\/strong> Para que su visita sea sencilla y sin complicaciones.<br \/>Para conocer los detalles exactos del pago, cont\u00e1ctenos o visite nuestra ubicaci\u00f3n.<\/p>                        <\/div>\n\n                    <\/div>\n\n                <\/div><!-- .elementskit-card END -->\n\n                                        <\/div>\n    <\/div>\t\t\t\t<\/div>\n\t\t\t\t<\/div>\n\t\t\t\t\t<\/div>\n\t\t\t\t<\/div>\n\t\t\t\t<\/div>","protected":false},"excerpt":{"rendered":"<p>FAQ Pellentesque ipsum sollicitudin est finibus elementum nullam suspendisse convallis ac primis. Frequently Asked Your Laundry Queries, Answered! Why choose Laundry Max? At Laundry Max, we combine modern high-capacity machines, clean air-conditioned facilities, and friendly customer service to provide a fast, reliable, and comfortable laundry experience. Our goal is to deliver perfectly clean, fresh, and [&hellip;]<\/p>\n","protected":false},"author":2,"featured_media":0,"parent":0,"menu_order":0,"comment_status":"closed","ping_status":"closed","template":"","meta":{"footnotes":""},"class_list":["post-97","page","type-page","status-publish","hentry"],"aioseo_notices":[],"_links":{"self":[{"href":"https:\/\/laundrymaxcorp.com\/es\/wp-json\/wp\/v2\/pages\/97","targetHints":{"allow":["GET"]}}],"collection":[{"href":"https:\/\/laundrymaxcorp.com\/es\/wp-json\/wp\/v2\/pages"}],"about":[{"href":"https:\/\/laundrymaxcorp.com\/es\/wp-json\/wp\/v2\/types\/page"}],"author":[{"embeddable":true,"href":"https:\/\/laundrymaxcorp.com\/es\/wp-json\/wp\/v2\/users\/2"}],"replies":[{"embeddable":true,"href":"https:\/\/laundrymaxcorp.com\/es\/wp-json\/wp\/v2\/comments?post=97"}],"version-history":[{"count":10,"href":"https:\/\/laundrymaxcorp.com\/es\/wp-json\/wp\/v2\/pages\/97\/revisions"}],"predecessor-version":[{"id":253,"href":"https:\/\/laundrymaxcorp.com\/es\/wp-json\/wp\/v2\/pages\/97\/revisions\/253"}],"wp:attachment":[{"href":"https:\/\/laundrymaxcorp.com\/es\/wp-json\/wp\/v2\/media?parent=97"}],"curies":[{"name":"wp","href":"https:\/\/api.w.org\/{rel}","templated":true}]}}